{"id":4111,"date":"2021-02-10T01:06:19","date_gmt":"2021-02-09T23:06:19","guid":{"rendered":"http:\/\/www.imuntanya.com\/aviso-legal\/"},"modified":"2021-02-10T01:06:21","modified_gmt":"2021-02-09T23:06:21","slug":"aviso-legal","status":"publish","type":"page","link":"http:\/\/www.imuntanya.com\/es\/aviso-legal\/","title":{"rendered":"Aviso legal"},"content":{"rendered":"<p>[et_pb_section fb_built=\u00bb1&#8243; _builder_version=\u00bb3.22&#8243;][et_pb_row _builder_version=\u00bb3.25&#8243; background_size=\u00bbinitial\u00bb background_position=\u00bbtop_left\u00bb background_repeat=\u00bbrepeat\u00bb][et_pb_column type=\u00bb4_4&#8243; _builder_version=\u00bb3.25&#8243; custom_padding=\u00bb|||\u00bb custom_padding__hover=\u00bb|||\u00bb][et_pb_text _builder_version=\u00bb4.4.5&#8243; hover_enabled=\u00bb0&#8243;]<\/p>\n<h1>Aviso legal<\/h1>\n<p><b>Informaci\u00f3n General<\/b><\/p>\n<p>El titular del sitio web sitio\u00a0web http:\/\/imuntanya.com\/ es INFRAESTRUCTURES DE MUNTANYA S.L., con NIF B25526674 y domicilio sito en CTRA. CASTELLNOU &#8211; NII, POL. IND. ELS PLANS, NAVE 12, 25265, CASTELLNOU DE SEANA, (LLEIDA). La entidad se encuentra inscrita en el Registro Mercantil con los siguientes datos de inscripci\u00f3n: Lleida, Tomo: 805 Folio: 76 Hoja: L-15507. <span class=\"Apple-converted-space\">\u00a0<\/span><\/p>\n<p>Con \u00e1nimo de que el uso del sitio web se ajuste a criterios de transparencia, claridad y sencillez, INFRAESTRUCTURES DE MUNTANYA S.L. informa al usuario que cualquier sugerencia, duda o consulta sobre el presente Aviso Legal o cualquier otro documento informativo del sitio web ser\u00e1 recibida y solucionada contactando con INFRAESTRUCTURES DE MUNTANYA S.L., a trav\u00e9s de la direcci\u00f3n de correo electr\u00f3nica: <a href=\"mailto:administracio@imuntanya.com\">administracio@imuntanya.com<\/a><\/p>\n<p><b><span class=\"Apple-converted-space\">\u00a0<\/span>Propiedad Intelectual<\/b><\/p>\n<p>Todos los contenidos que se muestran en el presente sitio web, y en especial dise\u00f1os, textos, im\u00e1genes, logos, iconos, nombres comerciales, marcas o cualquier otra informaci\u00f3n susceptible de utilizaci\u00f3n industrial y\/o comercial est\u00e1n protegidos por los correspondientes derechos de autor, no permitiendo su reproducci\u00f3n, transmisi\u00f3n o registro de informaci\u00f3n salvo autorizaci\u00f3n previa del titular, INFRAESTRUCTURES DE MUNTANYA S.L. No obstante, el usuario podr\u00e1 utilizar informaci\u00f3n facilitada para gestionar su pedido y los datos de contacto correspondientes.<\/p>\n<p><b>Enlaces<\/b><\/p>\n<p>INFRAESTRUCTURES DE MUNTANYA S.L. no asume ninguna responsabilidad sobre los enlaces hac\u00eda otros sitios o p\u00e1ginas web que, en su caso, pudieran incluirse en el mismo, ya que no tiene ning\u00fan tipo de control sobre los mismos, por lo que el usuario accede bajo su exclusiva responsabilidad al contenido y en las condiciones de uso que rijan en los mismos.<\/p>\n<p>&nbsp;<br \/>\n[\/et_pb_text][\/et_pb_column][\/et_pb_row][\/et_pb_section]<\/p>\n","protected":false},"excerpt":{"rendered":"<p>Aviso legal Informaci\u00f3n General El titular del sitio web sitio\u00a0web http:\/\/imuntanya.com\/ es INFRAESTRUCTURES DE MUNTANYA S.L., con NIF B25526674 y domicilio sito en CTRA. CASTELLNOU &#8211; NII, POL. IND. ELS PLANS, NAVE 12, 25265, CASTELLNOU DE SEANA, (LLEIDA). La entidad se encuentra inscrita en el Registro Mercantil con los siguientes datos de inscripci\u00f3n: Lleida, Tomo: [&hellip;]<\/p>\n","protected":false},"author":1,"featured_media":0,"parent":0,"menu_order":0,"comment_status":"closed","ping_status":"closed","template":"","meta":{"_et_pb_use_builder":"on","_et_pb_old_content":"","_et_gb_content_width":"","footnotes":""},"class_list":["post-4111","page","type-page","status-publish","hentry"],"yoast_head":"<!-- This site is optimized with the Yoast SEO plugin v26.1.1 - https:\/\/yoast.com\/wordpress\/plugins\/seo\/ -->\n<title>Aviso legal | imuntanya<\/title>\n<meta name=\"robots\" content=\"index, follow, max-snippet:-1, max-image-preview:large, max-video-preview:-1\" \/>\n<link rel=\"canonical\" href=\"http:\/\/www.imuntanya.com\/es\/aviso-legal\/\" \/>\n<meta property=\"og:locale\" content=\"es_ES\" \/>\n<meta property=\"og:type\" content=\"article\" \/>\n<meta property=\"og:title\" content=\"Aviso legal | imuntanya\" \/>\n<meta property=\"og:description\" content=\"Aviso legal Informaci\u00f3n General El titular del sitio web sitio\u00a0web http:\/\/imuntanya.com\/ es INFRAESTRUCTURES DE MUNTANYA S.L., con NIF B25526674 y domicilio sito en CTRA. CASTELLNOU - NII, POL. IND. ELS PLANS, NAVE 12, 25265, CASTELLNOU DE SEANA, (LLEIDA). La entidad se encuentra inscrita en el Registro Mercantil con los siguientes datos de inscripci\u00f3n: Lleida, Tomo: [&hellip;]\" \/>\n<meta property=\"og:url\" content=\"http:\/\/www.imuntanya.com\/es\/aviso-legal\/\" \/>\n<meta property=\"og:site_name\" content=\"imuntanya\" \/>\n<meta property=\"article:publisher\" content=\"https:\/\/www.facebook.com\/imuntanya\" \/>\n<meta property=\"article:modified_time\" content=\"2021-02-09T23:06:21+00:00\" \/>\n<meta name=\"twitter:card\" content=\"summary_large_image\" \/>\n<meta name=\"twitter:site\" content=\"@imuntanya15\" \/>\n<meta name=\"twitter:label1\" content=\"Tiempo de lectura\" \/>\n\t<meta name=\"twitter:data1\" content=\"2 minutos\" \/>\n<script type=\"application\/ld+json\" class=\"yoast-schema-graph\">{\"@context\":\"https:\/\/schema.org\",\"@graph\":[{\"@type\":\"WebPage\",\"@id\":\"http:\/\/www.imuntanya.com\/es\/aviso-legal\/\",\"url\":\"http:\/\/www.imuntanya.com\/es\/aviso-legal\/\",\"name\":\"Aviso legal | imuntanya\",\"isPartOf\":{\"@id\":\"http:\/\/www.imuntanya.com\/#website\"},\"datePublished\":\"2021-02-09T23:06:19+00:00\",\"dateModified\":\"2021-02-09T23:06:21+00:00\",\"breadcrumb\":{\"@id\":\"http:\/\/www.imuntanya.com\/es\/aviso-legal\/#breadcrumb\"},\"inLanguage\":\"es\",\"potentialAction\":[{\"@type\":\"ReadAction\",\"target\":[\"http:\/\/www.imuntanya.com\/es\/aviso-legal\/\"]}]},{\"@type\":\"BreadcrumbList\",\"@id\":\"http:\/\/www.imuntanya.com\/es\/aviso-legal\/#breadcrumb\",\"itemListElement\":[{\"@type\":\"ListItem\",\"position\":1,\"name\":\"Inici\",\"item\":\"http:\/\/www.imuntanya.com\/\"},{\"@type\":\"ListItem\",\"position\":2,\"name\":\"Aviso legal\"}]},{\"@type\":\"WebSite\",\"@id\":\"http:\/\/www.imuntanya.com\/#website\",\"url\":\"http:\/\/www.imuntanya.com\/\",\"name\":\"iMuntanya\",\"description\":\"Infraestructures per alta muntanya i en zones de dif\u00edcil acc\u00e9s\",\"publisher\":{\"@id\":\"http:\/\/www.imuntanya.com\/#organization\"},\"potentialAction\":[{\"@type\":\"SearchAction\",\"target\":{\"@type\":\"EntryPoint\",\"urlTemplate\":\"http:\/\/www.imuntanya.com\/?s={search_term_string}\"},\"query-input\":{\"@type\":\"PropertyValueSpecification\",\"valueRequired\":true,\"valueName\":\"search_term_string\"}}],\"inLanguage\":\"es\"},{\"@type\":\"Organization\",\"@id\":\"http:\/\/www.imuntanya.com\/#organization\",\"name\":\"iMuntanya \u00b7 Infraestructures de Muntanya S.L.\",\"url\":\"http:\/\/www.imuntanya.com\/\",\"logo\":{\"@type\":\"ImageObject\",\"inLanguage\":\"es\",\"@id\":\"http:\/\/www.imuntanya.com\/#\/schema\/logo\/image\/\",\"url\":\"http:\/\/www.imuntanya.com\/wp-content\/uploads\/2019\/07\/imu-cat-2.png\",\"contentUrl\":\"http:\/\/www.imuntanya.com\/wp-content\/uploads\/2019\/07\/imu-cat-2.png\",\"width\":640,\"height\":83,\"caption\":\"iMuntanya \u00b7 Infraestructures de Muntanya S.L.\"},\"image\":{\"@id\":\"http:\/\/www.imuntanya.com\/#\/schema\/logo\/image\/\"},\"sameAs\":[\"https:\/\/www.facebook.com\/imuntanya\",\"https:\/\/x.com\/imuntanya15\",\"https:\/\/www.instagram.com\/imuntanya\/\",\"https:\/\/www.linkedin.com\/company\/imuntanya\/\",\"https:\/\/www.youtube.com\/user\/imuntanyaatyoutub\"]}]}<\/script>\n<!-- \/ Yoast SEO plugin. -->","yoast_head_json":{"title":"Aviso legal | imuntanya","robots":{"index":"index","follow":"follow","max-snippet":"max-snippet:-1","max-image-preview":"max-image-preview:large","max-video-preview":"max-video-preview:-1"},"canonical":"http:\/\/www.imuntanya.com\/es\/aviso-legal\/","og_locale":"es_ES","og_type":"article","og_title":"Aviso legal | imuntanya","og_description":"Aviso legal Informaci\u00f3n General El titular del sitio web sitio\u00a0web http:\/\/imuntanya.com\/ es INFRAESTRUCTURES DE MUNTANYA S.L., con NIF B25526674 y domicilio sito en CTRA. CASTELLNOU - NII, POL. IND. ELS PLANS, NAVE 12, 25265, CASTELLNOU DE SEANA, (LLEIDA). La entidad se encuentra inscrita en el Registro Mercantil con los siguientes datos de inscripci\u00f3n: Lleida, Tomo: [&hellip;]","og_url":"http:\/\/www.imuntanya.com\/es\/aviso-legal\/","og_site_name":"imuntanya","article_publisher":"https:\/\/www.facebook.com\/imuntanya","article_modified_time":"2021-02-09T23:06:21+00:00","twitter_card":"summary_large_image","twitter_site":"@imuntanya15","twitter_misc":{"Tiempo de lectura":"2 minutos"},"schema":{"@context":"https:\/\/schema.org","@graph":[{"@type":"WebPage","@id":"http:\/\/www.imuntanya.com\/es\/aviso-legal\/","url":"http:\/\/www.imuntanya.com\/es\/aviso-legal\/","name":"Aviso legal | imuntanya","isPartOf":{"@id":"http:\/\/www.imuntanya.com\/#website"},"datePublished":"2021-02-09T23:06:19+00:00","dateModified":"2021-02-09T23:06:21+00:00","breadcrumb":{"@id":"http:\/\/www.imuntanya.com\/es\/aviso-legal\/#breadcrumb"},"inLanguage":"es","potentialAction":[{"@type":"ReadAction","target":["http:\/\/www.imuntanya.com\/es\/aviso-legal\/"]}]},{"@type":"BreadcrumbList","@id":"http:\/\/www.imuntanya.com\/es\/aviso-legal\/#breadcrumb","itemListElement":[{"@type":"ListItem","position":1,"name":"Inici","item":"http:\/\/www.imuntanya.com\/"},{"@type":"ListItem","position":2,"name":"Aviso legal"}]},{"@type":"WebSite","@id":"http:\/\/www.imuntanya.com\/#website","url":"http:\/\/www.imuntanya.com\/","name":"iMuntanya","description":"Infraestructures per alta muntanya i en zones de dif\u00edcil acc\u00e9s","publisher":{"@id":"http:\/\/www.imuntanya.com\/#organization"},"potentialAction":[{"@type":"SearchAction","target":{"@type":"EntryPoint","urlTemplate":"http:\/\/www.imuntanya.com\/?s={search_term_string}"},"query-input":{"@type":"PropertyValueSpecification","valueRequired":true,"valueName":"search_term_string"}}],"inLanguage":"es"},{"@type":"Organization","@id":"http:\/\/www.imuntanya.com\/#organization","name":"iMuntanya \u00b7 Infraestructures de Muntanya S.L.","url":"http:\/\/www.imuntanya.com\/","logo":{"@type":"ImageObject","inLanguage":"es","@id":"http:\/\/www.imuntanya.com\/#\/schema\/logo\/image\/","url":"http:\/\/www.imuntanya.com\/wp-content\/uploads\/2019\/07\/imu-cat-2.png","contentUrl":"http:\/\/www.imuntanya.com\/wp-content\/uploads\/2019\/07\/imu-cat-2.png","width":640,"height":83,"caption":"iMuntanya \u00b7 Infraestructures de Muntanya S.L."},"image":{"@id":"http:\/\/www.imuntanya.com\/#\/schema\/logo\/image\/"},"sameAs":["https:\/\/www.facebook.com\/imuntanya","https:\/\/x.com\/imuntanya15","https:\/\/www.instagram.com\/imuntanya\/","https:\/\/www.linkedin.com\/company\/imuntanya\/","https:\/\/www.youtube.com\/user\/imuntanyaatyoutub"]}]}},"_links":{"self":[{"href":"http:\/\/www.imuntanya.com\/es\/wp-json\/wp\/v2\/pages\/4111","targetHints":{"allow":["GET"]}}],"collection":[{"href":"http:\/\/www.imuntanya.com\/es\/wp-json\/wp\/v2\/pages"}],"about":[{"href":"http:\/\/www.imuntanya.com\/es\/wp-json\/wp\/v2\/types\/page"}],"author":[{"embeddable":true,"href":"http:\/\/www.imuntanya.com\/es\/wp-json\/wp\/v2\/users\/1"}],"replies":[{"embeddable":true,"href":"http:\/\/www.imuntanya.com\/es\/wp-json\/wp\/v2\/comments?post=4111"}],"version-history":[{"count":1,"href":"http:\/\/www.imuntanya.com\/es\/wp-json\/wp\/v2\/pages\/4111\/revisions"}],"predecessor-version":[{"id":4112,"href":"http:\/\/www.imuntanya.com\/es\/wp-json\/wp\/v2\/pages\/4111\/revisions\/4112"}],"wp:attachment":[{"href":"http:\/\/www.imuntanya.com\/es\/wp-json\/wp\/v2\/media?parent=4111"}],"curies":[{"name":"wp","href":"https:\/\/api.w.org\/{rel}","templated":true}]}}